{"id":2,"date":"2026-04-13T15:28:38","date_gmt":"2026-04-13T15:28:38","guid":{"rendered":"https:\/\/sanbongvov.site\/?page_id=2"},"modified":"2026-05-10T16:52:46","modified_gmt":"2026-05-10T16:52:46","slug":"trang-chu","status":"publish","type":"page","link":"https:\/\/sanbongvov.site\/","title":{"rendered":"trang ch\u1ee7"},"content":{"rendered":"<div class=\"slider-wrapper relative\" id=\"slider-1345406924\" style=\"background-color:#129fe9;\">\n    <div class=\"slider slider-nav-circle slider-nav-large slider-nav-light slider-style-normal\"\n        data-flickity-options='{\n            \"cellAlign\": \"center\",\n            \"imagesLoaded\": true,\n            \"lazyLoad\": 1,\n            \"freeScroll\": false,\n            \"wrapAround\": true,\n            \"autoPlay\": 6000,\n            \"pauseAutoPlayOnHover\" : true,\n            \"prevNextButtons\": true,\n            \"contain\" : true,\n            \"adaptiveHeight\" : true,\n            \"dragThreshold\" : 10,\n            \"percentPosition\": true,\n            \"pageDots\": true,\n            \"rightToLeft\": false,\n            \"draggable\": true,\n            \"selectedAttraction\": 0.1,\n            \"parallax\" : 0,\n            \"friction\": 0.6        }'\n        >\n        \n<div class=\"row\"  id=\"row-157035324\">\n\n\t<div id=\"col-1154177988\" class=\"col small-12 large-12\"  >\n\t\t\t\t<div class=\"col-inner\"  >\n\t\t\t\n\t\t\t\n\t<div id=\"gap-479217231\" class=\"gap-element clearfix\" style=\"display:block; height:auto;\">\n\t\t\n<style>\n#gap-479217231 {\n  padding-top: 30px;\n}\n<\/style>\n\t<\/div>\n\t\n\t<div id=\"text-2817725301\" class=\"text\">\n\t\t\n<h1 class=\"stk-block-heading__text\" style=\"text-align: center;\">S\u00e2n B\u00f3ng VOV &#8211; S\u00e2n B\u00f3ng C\u1ecf\u00a0Nh\u00e2n T\u1ea1o Ch\u1ea5t L\u01b0\u1ee3ng T\u1ea1i Qu\u1eadn 12<\/h1>\n\t\t\n<style>\n#text-2817725301 {\n  color: rgb(255,255,255);\n}\n#text-2817725301 > * {\n  color: rgb(255,255,255);\n}\n<\/style>\n\t<\/div>\n\t\n\t\t<\/div>\n\t\t\t\t\t<\/div>\n\n\t\n\n\t<div id=\"col-221681801\" class=\"col small-12 large-12\"  >\n\t\t\t\t<div class=\"col-inner\"  >\n\t\t\t\n\t\t\t\n\t<div id=\"text-2725148988\" class=\"text\">\n\t\t\n<p><strong><a href=\"https:\/\/sanbongvov.site\/\">S\u00e2n b\u00f3ng VOV<\/a><\/strong> l\u00e0 \u0111\u1ecba \u0111i\u1ec3m quen thu\u1ed9c c\u1ee7a nhi\u1ec1u \u0111\u1ed9i b\u00f3ng phong tr\u00e0o t\u1ea1i khu v\u1ef1c Qu\u1eadn 12, TP.HCM. S\u00e2n s\u1edf h\u1eefu kh\u00f4ng gian r\u1ed9ng r\u00e3i, m\u1eb7t c\u1ecf nh\u00e2n t\u1ea1o \u1ed5n \u0111\u1ecbnh c\u00f9ng h\u1ec7 th\u1ed1ng \u0111\u00e8n chi\u1ebfu s\u00e1ng \u0111\u1ea7y \u0111\u1ee7, \u0111\u00e1p \u1ee9ng t\u1ed1t nhu c\u1ea7u thi \u0111\u1ea5u v\u00e0 t\u1eadp luy\u1ec7n v\u00e0o c\u1ea3 ban ng\u00e0y l\u1eabn bu\u1ed5i t\u1ed1i.<\/p>\n<p>V\u1edbi v\u1ecb tr\u00ed thu\u1eadn ti\u1ec7n c\u00f9ng m\u1ee9c gi\u00e1 h\u1ee3p l\u00fd, n\u01a1i \u0111\u00e2y th\u01b0\u1eddng xuy\u00ean thu h\u00fat c\u00e1c \u0111\u1ed9i b\u00f3ng giao h\u1eefu, t\u1ed5 ch\u1ee9c gi\u1ea3i \u0111\u1ea5u mini v\u00e0 ho\u1ea1t \u0111\u1ed9ng th\u1ec3 thao c\u1ed9ng \u0111\u1ed3ng m\u1ed7i tu\u1ea7n.<\/p>\n<p style=\"text-align: center;\"><strong>\ud83d\udccd \u0110\u1ecba ch\u1ec9 s\u00e2n: 38\/89 \u0110\u00f4ng H\u01b0ng Thu\u1eadn 11, ph\u01b0\u1eddng \u0110\u00f4ng H\u01b0ng Thu\u1eadn, Qu\u1eadn 12, TP.HCM.<\/strong><\/p>\n\t\t\n<style>\n#text-2725148988 {\n  color: #ffffff;\n}\n#text-2725148988 > * {\n  color: #ffffff;\n}\n<\/style>\n\t<\/div>\n\t\n\t\t<\/div>\n\t\t\t\t\t<\/div>\n\n\t\n\n\t<div id=\"col-163168778\" class=\"col small-12 large-12\"  >\n\t\t\t\t<div class=\"col-inner text-center\"  >\n\t\t\t\n\t\t\t\n<a class=\"button primary\"  style=\"border-radius:99px;\">\n\t\t<span>\u0110\u1eb7t s\u00e2n ngay<\/span>\n\t<\/a>\n\n\t\t<\/div>\n\t\t\t\t\t<\/div>\n\n\t\n<\/div>\n     <\/div>\n\n     <div class=\"loading-spin dark large centered\"><\/div>\n\n\t<\/div>\n\n\n\n\t<section class=\"section\" id=\"section_1913168561\">\n\t\t<div class=\"section-bg fill\" >\n\t\t\t\t\t\t\t\t\t\n\t\t\t\n\n\t\t<\/div>\n\n\t\t\n\n\t\t<div class=\"section-content relative\">\n\t\t\t\n<div class=\"row\"  id=\"row-502298504\">\n\n\t<div id=\"col-1622501904\" class=\"col medium-8 small-12 large-8\"  >\n\t\t\t\t<div class=\"col-inner\"  >\n\t\t\t\n\t\t\t\n\t<div id=\"text-3323953404\" class=\"text\">\n\t\t\n<h1 class=\"stk-block-heading__text\">Ti\u1ec7n \u00edch hi\u1ec7n c\u00f3 t\u1ea1i S\u00e2n b\u00f3ng VOV<\/h1>\n<p data-start=\"1095\" data-end=\"1215\">\u0110\u1ec3 mang \u0111\u1ebfn tr\u1ea3i nghi\u1ec7m thi \u0111\u1ea5u tho\u1ea3i m\u00e1i cho ng\u01b0\u1eddi ch\u01a1i, s\u00e2n \u0111\u01b0\u1ee3c \u0111\u1ea7u t\u01b0 nhi\u1ec1u ti\u1ec7n \u00edch ph\u1ee5c v\u1ee5 b\u00f3ng \u0111\u00e1 phong tr\u00e0o nh\u01b0:<\/p>\n<ul data-start=\"1217\" data-end=\"1548\">\n<li data-section-id=\"1bg2zku\" data-start=\"1217\" data-end=\"1259\">\u26bd M\u1eb7t s\u00e2n c\u1ecf nh\u00e2n t\u1ea1o \u00eam v\u00e0 \u0111\u1ed9 b\u00e1m t\u1ed1t<\/li>\n<li data-section-id=\"1pu7jh9\" data-start=\"1260\" data-end=\"1309\">\ud83d\udca1 H\u1ec7 th\u1ed1ng \u0111\u00e8n chi\u1ebfu s\u00e1ng ph\u1ee5c v\u1ee5 \u0111\u00e1 ban \u0111\u00eam<\/li>\n<li data-section-id=\"1e4t9ng\" data-start=\"1310\" data-end=\"1354\">\ud83d\ude97 Khu v\u1ef1c g\u1eedi xe r\u1ed9ng r\u00e3i v\u00e0 thu\u1eadn ti\u1ec7n<\/li>\n<li data-section-id=\"1vrkcnr\" data-start=\"1355\" data-end=\"1411\">\ud83e\ude91 C\u00f3 khu v\u1ef1c ngh\u1ec9 ng\u01a1i d\u00e0nh cho c\u1ea7u th\u1ee7 v\u00e0 kh\u00e1n gi\u1ea3<\/li>\n<li data-section-id=\"19ki5ec\" data-start=\"1412\" data-end=\"1455\">\ud83e\uddc3 D\u1ecbch v\u1ee5 n\u01b0\u1edbc u\u1ed1ng, gi\u1ea3i kh\u00e1t t\u1ea1i s\u00e2n<\/li>\n<li data-section-id=\"oq8r0o\" data-start=\"1456\" data-end=\"1496\">\ud83d\udebf Khu v\u1ef1c thay \u0111\u1ed3 v\u00e0 v\u1ec7 sinh c\u01a1 b\u1ea3n<\/li>\n<li data-section-id=\"1elibtv\" data-start=\"1497\" data-end=\"1548\">\ud83c\udfc6 H\u1ed7 tr\u1ee3 t\u1ed5 ch\u1ee9c giao h\u1eefu v\u00e0 gi\u1ea3i b\u00f3ng \u0111\u00e1 mini<\/li>\n<\/ul>\n\t\t\n<style>\n#text-3323953404 {\n  font-size: 0.85rem;\n}\n<\/style>\n\t<\/div>\n\t\n\t\t<\/div>\n\t\t\t\t\t<\/div>\n\n\t\n\n\t<div id=\"col-1817635046\" class=\"col medium-4 small-12 large-4\"  >\n\t\t\t\t<div class=\"col-inner\"  >\n\t\t\t\n\t\t\t\n\t<div class=\"img has-hover x md-x lg-x y md-y lg-y\" id=\"image_858839510\">\n\t\t\t\t\t\t\t\t<div class=\"img-inner dark\" >\n\t\t\t\t\t\t\t\t\t\n\t\t\t\t\t<\/div>\n\t\t\t\t\t\t\t\t\n<style>\n#image_858839510 {\n  width: 100%;\n}\n<\/style>\n\t<\/div>\n\t\n\t<div class=\"img has-hover x md-x lg-x y md-y lg-y\" id=\"image_108568463\">\n\t\t\t\t\t\t\t\t<div class=\"img-inner dark\" >\n\t\t\t<img loading=\"lazy\" decoding=\"async\" width=\"900\" height=\"600\" src=\"https:\/\/sanbongvov.site\/wp-content\/uploads\/2026\/05\/san-vov-2.jpg\" class=\"attachment-large size-large\" alt=\"Ti\u1ec7n \u00edch hi\u1ec7n c\u00f3 t\u1ea1i S\u00e2n b\u00f3ng \u0111\u00e1 VOV\" srcset=\"https:\/\/sanbongvov.site\/wp-content\/uploads\/2026\/05\/san-vov-2.jpg 900w, https:\/\/sanbongvov.site\/wp-content\/uploads\/2026\/05\/san-vov-2-300x200.jpg 300w, https:\/\/sanbongvov.site\/wp-content\/uploads\/2026\/05\/san-vov-2-768x512.jpg 768w\" sizes=\"auto, (max-width: 900px) 100vw, 900px\" \/>\t\t\t\t\t\t\n\t\t\t\t\t<\/div>\n\t\t\t\t\t\t\t\t\n<style>\n#image_108568463 {\n  width: 100%;\n}\n<\/style>\n\t<\/div>\n\t\n\t\t<\/div>\n\t\t\t\t\t<\/div>\n\n\t\n<\/div>\n<div class=\"row\"  id=\"row-2040942071\">\n\n\t<div id=\"col-584429056\" class=\"col small-12 large-12\"  >\n\t\t\t\t<div class=\"col-inner text-center\"  >\n\t\t\t\n\t\t\t\n\t<div id=\"text-1693094682\" class=\"text\">\n\t\t\n<h2><strong>C\u00e1c ho\u1ea1t \u0111\u1ed9ng t\u1ea1i S\u00e2n b\u00f3ng VOV<\/strong><\/h2>\n\t\t\n<style>\n#text-1693094682 {\n  color: #12b458;\n}\n#text-1693094682 > * {\n  color: #12b458;\n}\n<\/style>\n\t<\/div>\n\t\n\t\t<\/div>\n\t\t\t\t\t<\/div>\n\n\t\n\n\t<div id=\"col-2090883277\" class=\"col medium-4 small-12 large-4\"  >\n\t\t\t\t<div class=\"col-inner\"  >\n\t\t\t\n\t\t\t\n\t<div id=\"text-1616414246\" class=\"text home-content\">\n\t\t\n<h3 class=\"wp-block-heading has-text-align-center has-medium-font-size\" style=\"text-align: center;\"><strong>Thi \u0111\u1ea5u giao h\u1eefu gi\u1eefa c\u00e1c \u0111\u1ed9i b\u00f3ng<\/strong><\/h3>\n<p>Nhi\u1ec1u \u0111\u1ed9i b\u00f3ng phong tr\u00e0o th\u01b0\u1eddng l\u1ef1a ch\u1ecdn s\u00e2n \u0111\u1ec3 t\u1ed5 ch\u1ee9c c\u00e1c tr\u1eadn \u0111\u1ea5u giao l\u01b0u nh\u1eb1m n\u00e2ng cao k\u1ef9 n\u0103ng v\u00e0 t\u0103ng s\u1ef1 g\u1eafn k\u1ebft gi\u1eefa c\u00e1c th\u00e0nh vi\u00ean.<\/p>\n\t\t\n<style>\n#text-1616414246 {\n  color: #ff1f2c;\n}\n#text-1616414246 > * {\n  color: #ff1f2c;\n}\n<\/style>\n\t<\/div>\n\t\n\t\t<\/div>\n\t\t\t\t\t<\/div>\n\n\t\n\n\t<div id=\"col-874318960\" class=\"col medium-4 small-12 large-4\"  >\n\t\t\t\t<div class=\"col-inner\"  >\n\t\t\t\n\t\t\t\n\t<div id=\"text-3569405850\" class=\"text home-content\">\n\t\t\n<h3 class=\"wp-block-heading has-text-align-center has-medium-font-size\" style=\"text-align: center;\"><strong>T\u1ed5 ch\u1ee9c gi\u1ea3i b\u00f3ng \u0111\u00e1 c\u1ed9ng \u0111\u1ed3ng<\/strong><\/h3>\n<p>S\u00e2n th\u01b0\u1eddng \u0111\u01b0\u1ee3c s\u1eed d\u1ee5ng \u0111\u1ec3 t\u1ed5 ch\u1ee9c c\u00e1c gi\u1ea3i \u0111\u1ea5u quy m\u00f4 nh\u1ecf d\u00e0nh cho c\u00f4ng ty, tr\u01b0\u1eddng h\u1ecdc v\u00e0 h\u1ed9i nh\u00f3m v\u1edbi kh\u00f4ng kh\u00ed thi \u0111\u1ea5u n\u0103ng \u0111\u1ed9ng, h\u1ea5p d\u1eabn.<\/p>\n\t\t\n<style>\n#text-3569405850 {\n  color: #129fe9;\n}\n#text-3569405850 > * {\n  color: #129fe9;\n}\n<\/style>\n\t<\/div>\n\t\n\t\t<\/div>\n\t\t\t\t\t<\/div>\n\n\t\n\n\t<div id=\"col-1221497017\" class=\"col home-content medium-4 small-12 large-4\"  >\n\t\t\t\t<div class=\"col-inner\"  >\n\t\t\t\n\t\t\t\n\t<div id=\"text-212495969\" class=\"text\">\n\t\t\n<h3 class=\"wp-block-heading has-text-align-center has-medium-font-size\" style=\"text-align: center;\"><strong>T\u1eadp luy\u1ec7n v\u00e0 n\u00e2ng cao th\u1ec3 l\u1ef1c<\/strong><\/h3>\n<p class=\"stk-block-heading__text\">Ngo\u00e0i thi \u0111\u1ea5u, s\u00e2n c\u00f2n l\u00e0 n\u01a1i l\u00fd t\u01b0\u1edfng \u0111\u1ec3 c\u00e1c nh\u00f3m b\u1ea1n v\u00e0 ng\u01b0\u1eddi ch\u01a1i luy\u1ec7n t\u1eadp k\u1ef9 thu\u1eadt c\u00e1 nh\u00e2n, c\u1ea3i thi\u1ec7n s\u1ee9c kh\u1ecfe v\u00e0 duy tr\u00ec \u0111am m\u00ea th\u1ec3 thao m\u1ed7i tu\u1ea7n.<\/p>\n\t\t\n<style>\n#text-212495969 {\n  color: #12b459;\n}\n#text-212495969 > * {\n  color: #12b459;\n}\n<\/style>\n\t<\/div>\n\t\n\t\t<\/div>\n\t\t\t\t\t<\/div>\n\n\t\n<\/div>\n\t\t<\/div>\n\n\t\t\n<style>\n#section_1913168561 {\n  padding-top: 30px;\n  padding-bottom: 30px;\n}\n<\/style>\n\t<\/section>\n\t\n","protected":false},"excerpt":{"rendered":"","protected":false},"author":1,"featured_media":65,"parent":0,"menu_order":0,"comment_status":"closed","ping_status":"closed","template":"page-blank.php","meta":{"footnotes":""},"class_list":["post-2","page","type-page","status-publish","has-post-thumbnail","hentry"],"_links":{"self":[{"href":"https:\/\/sanbongvov.site\/index.php\/wp-json\/wp\/v2\/pages\/2","targetHints":{"allow":["GET"]}}],"collection":[{"href":"https:\/\/sanbongvov.site\/index.php\/wp-json\/wp\/v2\/pages"}],"about":[{"href":"https:\/\/sanbongvov.site\/index.php\/wp-json\/wp\/v2\/types\/page"}],"author":[{"embeddable":true,"href":"https:\/\/sanbongvov.site\/index.php\/wp-json\/wp\/v2\/users\/1"}],"replies":[{"embeddable":true,"href":"https:\/\/sanbongvov.site\/index.php\/wp-json\/wp\/v2\/comments?post=2"}],"version-history":[{"count":17,"href":"https:\/\/sanbongvov.site\/index.php\/wp-json\/wp\/v2\/pages\/2\/revisions"}],"predecessor-version":[{"id":75,"href":"https:\/\/sanbongvov.site\/index.php\/wp-json\/wp\/v2\/pages\/2\/revisions\/75"}],"wp:featuredmedia":[{"embeddable":true,"href":"https:\/\/sanbongvov.site\/index.php\/wp-json\/wp\/v2\/media\/65"}],"wp:attachment":[{"href":"https:\/\/sanbongvov.site\/index.php\/wp-json\/wp\/v2\/media?parent=2"}],"curies":[{"name":"wp","href":"https:\/\/api.w.org\/{rel}","templated":true}]}}